{"id":460,"date":"2016-04-26T12:21:46","date_gmt":"2016-04-26T12:21:46","guid":{"rendered":"https:\/\/demo.mekshq.com\/vlog\/dc\/?page_id=4"},"modified":"2025-10-02T17:59:19","modified_gmt":"2025-10-02T20:59:19","slug":"home","status":"publish","type":"page","link":"https:\/\/agroceresbinova.com.br\/blog\/","title":{"rendered":"Home"},"content":{"rendered":"","protected":false},"excerpt":{"rendered":"","protected":false},"author":1,"featured_media":0,"parent":0,"menu_order":0,"comment_status":"closed","ping_status":"closed","template":"template-modules.php","meta":{"inline_featured_image":false,"footnotes":""},"class_list":["post-460","page","type-page","status-publish","hentry"],"yoast_head":"<!-- This site is optimized with the Yoast SEO plugin v27.3 - https:\/\/yoast.com\/product\/yoast-seo-wordpress\/ -->\n<title>Home - Agroceres Binova<\/title>\n<meta name=\"robots\" content=\"index, follow, max-snippet:-1, max-image-preview:large, max-video-preview:-1\" \/>\n<link rel=\"canonical\" href=\"https:\/\/agroceresbinova.com.br\/blog\/\" \/>\n<meta property=\"og:locale\" content=\"pt_BR\" \/>\n<meta property=\"og:type\" content=\"article\" \/>\n<meta property=\"og:title\" content=\"Home - Agroceres Binova\" \/>\n<meta property=\"og:url\" content=\"https:\/\/agroceresbinova.com.br\/blog\/\" \/>\n<meta property=\"og:site_name\" content=\"Agroceres Binova\" \/>\n<meta property=\"article:modified_time\" content=\"2025-10-02T20:59:19+00:00\" \/>\n<meta name=\"twitter:card\" content=\"summary_large_image\" \/>\n<script type=\"application\/ld+json\" class=\"yoast-schema-graph\">{\"@context\":\"https:\\\/\\\/schema.org\",\"@graph\":[{\"@type\":\"WebPage\",\"@id\":\"https:\\\/\\\/agroceresbinova.com.br\\\/blog\\\/\",\"url\":\"https:\\\/\\\/agroceresbinova.com.br\\\/blog\\\/\",\"name\":\"Home - Agroceres Binova\",\"isPartOf\":{\"@id\":\"https:\\\/\\\/agroceresbinova.com.br\\\/blog\\\/#website\"},\"datePublished\":\"2016-04-26T12:21:46+00:00\",\"dateModified\":\"2025-10-02T20:59:19+00:00\",\"breadcrumb\":{\"@id\":\"https:\\\/\\\/agroceresbinova.com.br\\\/blog\\\/#breadcrumb\"},\"inLanguage\":\"pt-BR\",\"potentialAction\":[{\"@type\":\"ReadAction\",\"target\":[\"https:\\\/\\\/agroceresbinova.com.br\\\/blog\\\/\"]}]},{\"@type\":\"BreadcrumbList\",\"@id\":\"https:\\\/\\\/agroceresbinova.com.br\\\/blog\\\/#breadcrumb\",\"itemListElement\":[{\"@type\":\"ListItem\",\"position\":1,\"name\":\"In\u00edcio\",\"item\":\"https:\\\/\\\/agroceresbinova.com.br\\\/blog\\\/\"},{\"@type\":\"ListItem\",\"position\":2,\"name\":\"Home\"}]},{\"@type\":\"WebSite\",\"@id\":\"https:\\\/\\\/agroceresbinova.com.br\\\/blog\\\/#website\",\"url\":\"https:\\\/\\\/agroceresbinova.com.br\\\/blog\\\/\",\"name\":\"Agroceres Binova\",\"description\":\"Desenvolvemos solu\u00e7\u00f5es diferenciadas e muito mais adequadas \u00e0 natureza e exig\u00eancias reais das plantas.\",\"potentialAction\":[{\"@type\":\"SearchAction\",\"target\":{\"@type\":\"EntryPoint\",\"urlTemplate\":\"https:\\\/\\\/agroceresbinova.com.br\\\/blog\\\/?s={search_term_string}\"},\"query-input\":{\"@type\":\"PropertyValueSpecification\",\"valueRequired\":true,\"valueName\":\"search_term_string\"}}],\"inLanguage\":\"pt-BR\"}]}<\/script>\n<!-- \/ Yoast SEO plugin. -->","yoast_head_json":{"title":"Home - Agroceres Binova","robots":{"index":"index","follow":"follow","max-snippet":"max-snippet:-1","max-image-preview":"max-image-preview:large","max-video-preview":"max-video-preview:-1"},"canonical":"https:\/\/agroceresbinova.com.br\/blog\/","og_locale":"pt_BR","og_type":"article","og_title":"Home - Agroceres Binova","og_url":"https:\/\/agroceresbinova.com.br\/blog\/","og_site_name":"Agroceres Binova","article_modified_time":"2025-10-02T20:59:19+00:00","twitter_card":"summary_large_image","schema":{"@context":"https:\/\/schema.org","@graph":[{"@type":"WebPage","@id":"https:\/\/agroceresbinova.com.br\/blog\/","url":"https:\/\/agroceresbinova.com.br\/blog\/","name":"Home - Agroceres Binova","isPartOf":{"@id":"https:\/\/agroceresbinova.com.br\/blog\/#website"},"datePublished":"2016-04-26T12:21:46+00:00","dateModified":"2025-10-02T20:59:19+00:00","breadcrumb":{"@id":"https:\/\/agroceresbinova.com.br\/blog\/#breadcrumb"},"inLanguage":"pt-BR","potentialAction":[{"@type":"ReadAction","target":["https:\/\/agroceresbinova.com.br\/blog\/"]}]},{"@type":"BreadcrumbList","@id":"https:\/\/agroceresbinova.com.br\/blog\/#breadcrumb","itemListElement":[{"@type":"ListItem","position":1,"name":"In\u00edcio","item":"https:\/\/agroceresbinova.com.br\/blog\/"},{"@type":"ListItem","position":2,"name":"Home"}]},{"@type":"WebSite","@id":"https:\/\/agroceresbinova.com.br\/blog\/#website","url":"https:\/\/agroceresbinova.com.br\/blog\/","name":"Agroceres Binova","description":"Desenvolvemos solu\u00e7\u00f5es diferenciadas e muito mais adequadas \u00e0 natureza e exig\u00eancias reais das plantas.","potentialAction":[{"@type":"SearchAction","target":{"@type":"EntryPoint","urlTemplate":"https:\/\/agroceresbinova.com.br\/blog\/?s={search_term_string}"},"query-input":{"@type":"PropertyValueSpecification","valueRequired":true,"valueName":"search_term_string"}}],"inLanguage":"pt-BR"}]}},"_links":{"self":[{"href":"https:\/\/agroceresbinova.com.br\/blog\/wp-json\/wp\/v2\/pages\/460","targetHints":{"allow":["GET"]}}],"collection":[{"href":"https:\/\/agroceresbinova.com.br\/blog\/wp-json\/wp\/v2\/pages"}],"about":[{"href":"https:\/\/agroceresbinova.com.br\/blog\/wp-json\/wp\/v2\/types\/page"}],"author":[{"embeddable":true,"href":"https:\/\/agroceresbinova.com.br\/blog\/wp-json\/wp\/v2\/users\/1"}],"replies":[{"embeddable":true,"href":"https:\/\/agroceresbinova.com.br\/blog\/wp-json\/wp\/v2\/comments?post=460"}],"version-history":[{"count":1,"href":"https:\/\/agroceresbinova.com.br\/blog\/wp-json\/wp\/v2\/pages\/460\/revisions"}],"predecessor-version":[{"id":2082,"href":"https:\/\/agroceresbinova.com.br\/blog\/wp-json\/wp\/v2\/pages\/460\/revisions\/2082"}],"wp:attachment":[{"href":"https:\/\/agroceresbinova.com.br\/blog\/wp-json\/wp\/v2\/media?parent=460"}],"curies":[{"name":"wp","href":"https:\/\/api.w.org\/{rel}","templated":true}]}}